{"id":4239,"date":"2023-09-01T10:54:48","date_gmt":"2023-09-01T15:54:48","guid":{"rendered":"https:\/\/facmed.buap.mx\/blog\/?page_id=4239"},"modified":"2024-08-15T15:16:18","modified_gmt":"2024-08-15T21:16:18","slug":"siplan","status":"publish","type":"page","link":"https:\/\/facmed.buap.mx\/blog\/siplan\/","title":{"rendered":"SiPlan"},"content":{"rendered":"\t\t<div data-elementor-type=\"wp-page\" data-elementor-id=\"4239\" class=\"elementor elementor-4239\" data-elementor-post-type=\"page\">\n\t\t\t\t\t\t<section class=\"elementor-section elementor-top-section elementor-element elementor-element-6f56301 elementor-section-boxed elementor-section-height-default elementor-section-height-default\" data-id=\"6f56301\" data-element_type=\"section\" data-settings=\"{&quot;background_background&quot;:&quot;classic&quot;}\">\n\t\t\t\t\t\t<div class=\"elementor-container elementor-column-gap-default\">\n\t\t\t\t\t<div class=\"elementor-column elementor-col-100 elementor-top-column elementor-element elementor-element-b3487e0\" data-id=\"b3487e0\" data-element_type=\"column\">\n\t\t\t<div class=\"elementor-widget-wrap elementor-element-populated\">\n\t\t\t\t\t\t<div class=\"elementor-element elementor-element-8b25f11 elementor-widget elementor-widget-image\" data-id=\"8b25f11\" data-element_type=\"widget\" data-widget_type=\"image.default\">\n\t\t\t\t<div class=\"elementor-widget-container\">\n\t\t\t\t\t\t\t\t\t\t\t\t\t\t\t<img fetchpriority=\"high\" decoding=\"async\" width=\"768\" height=\"128\" src=\"https:\/\/facmed.buap.mx\/blog\/wp-content\/uploads\/2023\/09\/logo-siplan-web-768x128.png\" class=\"attachment-medium_large size-medium_large wp-image-4246\" alt=\"\" srcset=\"https:\/\/facmed.buap.mx\/blog\/wp-content\/uploads\/2023\/09\/logo-siplan-web-768x128.png 768w, https:\/\/facmed.buap.mx\/blog\/wp-content\/uploads\/2023\/09\/logo-siplan-web-300x50.png 300w, https:\/\/facmed.buap.mx\/blog\/wp-content\/uploads\/2023\/09\/logo-siplan-web-1024x171.png 1024w, https:\/\/facmed.buap.mx\/blog\/wp-content\/uploads\/2023\/09\/logo-siplan-web-1536x257.png 1536w, https:\/\/facmed.buap.mx\/blog\/wp-content\/uploads\/2023\/09\/logo-siplan-web-2048x343.png 2048w\" sizes=\"(max-width: 768px) 100vw, 768px\" \/>\t\t\t\t\t\t\t\t\t\t\t\t\t\t\t<\/div>\n\t\t\t\t<\/div>\n\t\t\t\t\t<\/div>\n\t\t<\/div>\n\t\t\t\t\t<\/div>\n\t\t<\/section>\n\t\t\t\t<section class=\"elementor-section elementor-top-section elementor-element elementor-element-158467b elementor-section-boxed elementor-section-height-default elementor-section-height-default\" data-id=\"158467b\" data-element_type=\"section\" data-settings=\"{&quot;background_background&quot;:&quot;classic&quot;}\">\n\t\t\t\t\t\t<div class=\"elementor-container elementor-column-gap-default\">\n\t\t\t\t\t<div class=\"elementor-column elementor-col-100 elementor-top-column elementor-element elementor-element-358d248\" data-id=\"358d248\" data-element_type=\"column\">\n\t\t\t<div class=\"elementor-widget-wrap elementor-element-populated\">\n\t\t\t\t\t\t<div class=\"elementor-element elementor-element-bde1096 elementor-widget elementor-widget-spacer\" data-id=\"bde1096\" data-element_type=\"widget\" data-widget_type=\"spacer.default\">\n\t\t\t\t<div class=\"elementor-widget-container\">\n\t\t\t\t\t\t\t<div class=\"elementor-spacer\">\n\t\t\t<div class=\"elementor-spacer-inner\"><\/div>\n\t\t<\/div>\n\t\t\t\t\t\t<\/div>\n\t\t\t\t<\/div>\n\t\t\t\t\t<\/div>\n\t\t<\/div>\n\t\t\t\t\t<\/div>\n\t\t<\/section>\n\t\t\t\t<section class=\"elementor-section elementor-top-section elementor-element elementor-element-2896e87 elementor-section-boxed elementor-section-height-default elementor-section-height-default\" data-id=\"2896e87\" data-element_type=\"section\" data-settings=\"{&quot;background_background&quot;:&quot;classic&quot;}\">\n\t\t\t\t\t\t<div class=\"elementor-container elementor-column-gap-custom\">\n\t\t\t\t\t<div class=\"elementor-column elementor-col-66 elementor-top-column elementor-element elementor-element-b987786\" data-id=\"b987786\" data-element_type=\"column\">\n\t\t\t<div class=\"elementor-widget-wrap elementor-element-populated\">\n\t\t\t\t\t\t<div class=\"elementor-element elementor-element-4059844 elementor-widget elementor-widget-heading\" data-id=\"4059844\" data-element_type=\"widget\" data-widget_type=\"heading.default\">\n\t\t\t\t<div class=\"elementor-widget-container\">\n\t\t\t\t\t<h2 class=\"elementor-heading-title elementor-size-default\">Compa\u00f1ero Docente<\/h2>\t\t\t\t<\/div>\n\t\t\t\t<\/div>\n\t\t\t\t<div class=\"elementor-element elementor-element-9737f5f elementor-widget elementor-widget-text-editor\" data-id=\"9737f5f\" data-element_type=\"widget\" data-widget_type=\"text-editor.default\">\n\t\t\t\t<div class=\"elementor-widget-container\">\n\t\t\t\t\t\t\t\t\t<p>Con fundamento en el art\u00edculo 92, cap\u00edtulo II del RIPPPA, la captura del Plan Anual de Trabajo del Personal Docente Ciclo 2024-2025, deber\u00e1 realizarse del<\/p>\t\t\t\t\t\t\t\t<\/div>\n\t\t\t\t<\/div>\n\t\t\t\t<div class=\"elementor-element elementor-element-09229c7 elementor-widget elementor-widget-text-editor\" data-id=\"09229c7\" data-element_type=\"widget\" data-widget_type=\"text-editor.default\">\n\t\t\t\t<div class=\"elementor-widget-container\">\n\t\t\t\t\t\t\t\t\t<p><img decoding=\"async\" class=\"alignleft wp-image-4242\" src=\"https:\/\/facmed.buap.mx\/blog\/wp-content\/uploads\/2023\/09\/calendario-color.png\" alt=\"\" width=\"57\" height=\"53\" \/>19 de agosto al 17 de septiembre de 2024<\/p>\t\t\t\t\t\t\t\t<\/div>\n\t\t\t\t<\/div>\n\t\t\t\t<div class=\"elementor-element elementor-element-0d5fd72 elementor-widget elementor-widget-text-editor\" data-id=\"0d5fd72\" data-element_type=\"widget\" data-widget_type=\"text-editor.default\">\n\t\t\t\t<div class=\"elementor-widget-container\">\n\t\t\t\t\t\t\t\t\t<p>en la Plataforma SiPlan:<\/p>\t\t\t\t\t\t\t\t<\/div>\n\t\t\t\t<\/div>\n\t\t\t\t<div class=\"elementor-element elementor-element-7127739 elementor-widget elementor-widget-text-editor\" data-id=\"7127739\" data-element_type=\"widget\" data-widget_type=\"text-editor.default\">\n\t\t\t\t<div class=\"elementor-widget-container\">\n\t\t\t\t\t\t\t\t\t<p><img decoding=\"async\" class=\"wp-image-4243 alignleft\" src=\"https:\/\/facmed.buap.mx\/blog\/wp-content\/uploads\/2023\/09\/enlace-gris.png\" alt=\"\" width=\"50\" height=\"50\" \/> <span style=\"color: #003b5c;\"><a style=\"color: #003b5c;\" href=\"http:\/\/www.siplan.buap.mx\/\" target=\"_blank\" rel=\"noopener\">www.siplan.buap.mx<\/a><\/span><\/p>\t\t\t\t\t\t\t\t<\/div>\n\t\t\t\t<\/div>\n\t\t\t\t<div class=\"elementor-element elementor-element-74ce2ab elementor-widget elementor-widget-text-editor\" data-id=\"74ce2ab\" data-element_type=\"widget\" data-widget_type=\"text-editor.default\">\n\t\t\t\t<div class=\"elementor-widget-container\">\n\t\t\t\t\t\t\t\t\t<p>El per\u00edodo que debe considerarse para el Plan Anual de Trabajo del Personal Docente 2023-2024, es del:<\/p>\t\t\t\t\t\t\t\t<\/div>\n\t\t\t\t<\/div>\n\t\t\t\t<div class=\"elementor-element elementor-element-f137dc5 elementor-widget elementor-widget-text-editor\" data-id=\"f137dc5\" data-element_type=\"widget\" data-widget_type=\"text-editor.default\">\n\t\t\t\t<div class=\"elementor-widget-container\">\n\t\t\t\t\t\t\t\t\t<p>05 de agosto de 2024 al 11 de julio de 2025.<\/p>\t\t\t\t\t\t\t\t<\/div>\n\t\t\t\t<\/div>\n\t\t\t\t<div class=\"elementor-element elementor-element-bf8ae4e elementor-widget elementor-widget-text-editor\" data-id=\"bf8ae4e\" data-element_type=\"widget\" data-widget_type=\"text-editor.default\">\n\t\t\t\t<div class=\"elementor-widget-container\">\n\t\t\t\t\t\t\t\t\t<p><img loading=\"lazy\" decoding=\"async\" class=\"wp-image-4245 alignleft\" src=\"https:\/\/facmed.buap.mx\/blog\/wp-content\/uploads\/2023\/09\/lapiz-color.png\" alt=\"\" width=\"50\" height=\"50\" \/>FAVOR DE COMPLETAR EL 100% DEL LLENADO Y GENERAR EL FOLIO PARA QUE TENGA VALIDEZ.<\/p>\t\t\t\t\t\t\t\t<\/div>\n\t\t\t\t<\/div>\n\t\t\t\t<div class=\"elementor-element elementor-element-6b2ed2b elementor-widget elementor-widget-text-editor\" data-id=\"6b2ed2b\" data-element_type=\"widget\" data-widget_type=\"text-editor.default\">\n\t\t\t\t<div class=\"elementor-widget-container\">\n\t\t\t\t\t\t\t\t\t<p>Atentamente<br \/>MC. Juli\u00e1n Ra\u00fal Aguilar Cortesano<br \/>Responsable del Plan de Trabajo e Informe de Actividades<\/p>\t\t\t\t\t\t\t\t<\/div>\n\t\t\t\t<\/div>\n\t\t\t\t<div class=\"elementor-element elementor-element-0386e46 elementor-widget elementor-widget-spacer\" data-id=\"0386e46\" data-element_type=\"widget\" data-widget_type=\"spacer.default\">\n\t\t\t\t<div class=\"elementor-widget-container\">\n\t\t\t\t\t\t\t<div class=\"elementor-spacer\">\n\t\t\t<div class=\"elementor-spacer-inner\"><\/div>\n\t\t<\/div>\n\t\t\t\t\t\t<\/div>\n\t\t\t\t<\/div>\n\t\t\t\t\t<\/div>\n\t\t<\/div>\n\t\t\t\t<div class=\"elementor-column elementor-col-33 elementor-top-column elementor-element elementor-element-56c80bb\" data-id=\"56c80bb\" data-element_type=\"column\" data-settings=\"{&quot;background_background&quot;:&quot;classic&quot;}\">\n\t\t\t<div class=\"elementor-widget-wrap elementor-element-populated\">\n\t\t\t\t\t\t<div class=\"elementor-element elementor-element-957e2ff elementor-widget elementor-widget-text-editor\" data-id=\"957e2ff\" data-element_type=\"widget\" data-widget_type=\"text-editor.default\">\n\t\t\t\t<div class=\"elementor-widget-container\">\n\t\t\t\t\t\t\t\t\t<p>ENLACES DE INTER\u00c9S<\/p>\t\t\t\t\t\t\t\t<\/div>\n\t\t\t\t<\/div>\n\t\t\t\t<div class=\"elementor-element elementor-element-2bf6a81 elementor-widget elementor-widget-text-editor\" data-id=\"2bf6a81\" data-element_type=\"widget\" data-widget_type=\"text-editor.default\">\n\t\t\t\t<div class=\"elementor-widget-container\">\n\t\t\t\t\t\t\t\t\t<ul><li><span style=\"text-decoration: underline; color: #0000ff;\"><a style=\"color: #0000ff;\" href=\"http:\/\/www.siplan.buap.mx\/\" target=\"_blank\" rel=\"noopener\">Sitio web SiPlan BUAP<\/a><\/span><\/li><\/ul>\t\t\t\t\t\t\t\t<\/div>\n\t\t\t\t<\/div>\n\t\t\t\t<div class=\"elementor-element elementor-element-bccc904 elementor-widget-divider--view-line elementor-widget elementor-widget-divider\" data-id=\"bccc904\" data-element_type=\"widget\" data-widget_type=\"divider.default\">\n\t\t\t\t<div class=\"elementor-widget-container\">\n\t\t\t\t\t\t\t<div class=\"elementor-divider\">\n\t\t\t<span class=\"elementor-divider-separator\">\n\t\t\t\t\t\t<\/span>\n\t\t<\/div>\n\t\t\t\t\t\t<\/div>\n\t\t\t\t<\/div>\n\t\t\t\t<div class=\"elementor-element elementor-element-fba5648 elementor-widget elementor-widget-text-editor\" data-id=\"fba5648\" data-element_type=\"widget\" data-widget_type=\"text-editor.default\">\n\t\t\t\t<div class=\"elementor-widget-container\">\n\t\t\t\t\t\t\t\t\t<ul><li><span style=\"text-decoration: underline; color: #0000ff;\"><a style=\"color: #0000ff; text-decoration: underline;\" href=\"https:\/\/www.youtube.com\/watch?v=lIx3d-jsjoo\" target=\"_blank\" rel=\"noopener\">Tutorial (ver en Youtube)<\/a><\/span><\/li><\/ul>\t\t\t\t\t\t\t\t<\/div>\n\t\t\t\t<\/div>\n\t\t\t\t<div class=\"elementor-element elementor-element-f3ff94c elementor-widget elementor-widget-video\" data-id=\"f3ff94c\" data-element_type=\"widget\" data-settings=\"{&quot;youtube_url&quot;:&quot;https:\\\/\\\/www.youtube.com\\\/watch?v=lIx3d-jsjoo&quot;,&quot;video_type&quot;:&quot;youtube&quot;,&quot;controls&quot;:&quot;yes&quot;}\" data-widget_type=\"video.default\">\n\t\t\t\t<div class=\"elementor-widget-container\">\n\t\t\t\t\t\t\t<div class=\"elementor-wrapper elementor-open-inline\">\n\t\t\t<div class=\"elementor-video\"><\/div>\t\t<\/div>\n\t\t\t\t\t\t<\/div>\n\t\t\t\t<\/div>\n\t\t\t\t<div class=\"elementor-element elementor-element-0927958 elementor-widget-divider--view-line elementor-widget elementor-widget-divider\" data-id=\"0927958\" data-element_type=\"widget\" data-widget_type=\"divider.default\">\n\t\t\t\t<div class=\"elementor-widget-container\">\n\t\t\t\t\t\t\t<div class=\"elementor-divider\">\n\t\t\t<span class=\"elementor-divider-separator\">\n\t\t\t\t\t\t<\/span>\n\t\t<\/div>\n\t\t\t\t\t\t<\/div>\n\t\t\t\t<\/div>\n\t\t\t\t<div class=\"elementor-element elementor-element-7b247d7 elementor-widget elementor-widget-text-editor\" data-id=\"7b247d7\" data-element_type=\"widget\" data-widget_type=\"text-editor.default\">\n\t\t\t\t<div class=\"elementor-widget-container\">\n\t\t\t\t\t\t\t\t\t<ul><li><span style=\"text-decoration: underline; color: #0000ff;\"><a style=\"color: #0000ff; text-decoration: underline;\" href=\"https:\/\/facmed.buap.mx\/blog\/wp-content\/uploads\/2024\/08\/VD-CGA-1719-2024-ANEXO-Guia-rapida-para-descargar-reportes-2024.pdf\" target=\"_blank\" rel=\"noopener\">Gu\u00eda para generar reportes\u00a0 (descargar pdf)<\/a><\/span><\/li><\/ul>\t\t\t\t\t\t\t\t<\/div>\n\t\t\t\t<\/div>\n\t\t\t\t<div class=\"elementor-element elementor-element-421991d elementor-widget-mobile__width-initial elementor-widget elementor-widget-html\" data-id=\"421991d\" data-element_type=\"widget\" data-widget_type=\"html.default\">\n\t\t\t\t<div class=\"elementor-widget-container\">\n\t\t\t\t\t <iframe src=\"https:\/\/facmed.buap.mx\/blog\/wp-content\/uploads\/2024\/08\/VD-CGA-1719-2024-ANEXO-Guia-rapida-para-descargar-reportes-2024.pdf\" width=\"100%\" height=\"400px\"><\/iframe>\t\t\t\t<\/div>\n\t\t\t\t<\/div>\n\t\t\t\t<div class=\"elementor-element elementor-element-3681ee5 elementor-widget-divider--view-line elementor-widget elementor-widget-divider\" data-id=\"3681ee5\" data-element_type=\"widget\" data-widget_type=\"divider.default\">\n\t\t\t\t<div class=\"elementor-widget-container\">\n\t\t\t\t\t\t\t<div class=\"elementor-divider\">\n\t\t\t<span class=\"elementor-divider-separator\">\n\t\t\t\t\t\t<\/span>\n\t\t<\/div>\n\t\t\t\t\t\t<\/div>\n\t\t\t\t<\/div>\n\t\t\t\t\t<\/div>\n\t\t<\/div>\n\t\t\t\t\t<\/div>\n\t\t<\/section>\n\t\t\t\t<\/div>\n\t\t","protected":false},"excerpt":{"rendered":"<p>Compa\u00f1ero Docente Con fundamento en el art\u00edculo 92, cap\u00edtulo II del RIPPPA, la captura del Plan Anual de Trabajo del Personal Docente Ciclo 2024-2025, deber\u00e1 realizarse del 19 de agosto [&hellip;]<\/p>\n","protected":false},"author":2,"featured_media":0,"parent":0,"menu_order":0,"comment_status":"closed","ping_status":"closed","template":"elementor_canvas","meta":{"_EventAllDay":false,"_EventTimezone":"","_EventStartDate":"","_EventEndDate":"","_EventStartDateUTC":"","_EventEndDateUTC":"","_EventShowMap":false,"_EventShowMapLink":false,"_EventURL":"","_EventCost":"","_EventCostDescription":"","_EventCurrencySymbol":"","_EventCurrencyCode":"","_EventCurrencyPosition":"","_EventDateTimeSeparator":"","_EventTimeRangeSeparator":"","_EventOrganizerID":[],"_EventVenueID":[],"_OrganizerEmail":"","_OrganizerPhone":"","_OrganizerWebsite":"","_VenueAddress":"","_VenueCity":"","_VenueCountry":"","_VenueProvince":"","_VenueState":"","_VenueZip":"","_VenuePhone":"","_VenueURL":"","_VenueStateProvince":"","_VenueLat":"","_VenueLng":"","_VenueShowMap":false,"_VenueShowMapLink":false,"footnotes":""},"class_list":["post-4239","page","type-page","status-publish","hentry"],"_links":{"self":[{"href":"https:\/\/facmed.buap.mx\/blog\/wp-json\/wp\/v2\/pages\/4239","targetHints":{"allow":["GET"]}}],"collection":[{"href":"https:\/\/facmed.buap.mx\/blog\/wp-json\/wp\/v2\/pages"}],"about":[{"href":"https:\/\/facmed.buap.mx\/blog\/wp-json\/wp\/v2\/types\/page"}],"author":[{"embeddable":true,"href":"https:\/\/facmed.buap.mx\/blog\/wp-json\/wp\/v2\/users\/2"}],"replies":[{"embeddable":true,"href":"https:\/\/facmed.buap.mx\/blog\/wp-json\/wp\/v2\/comments?post=4239"}],"version-history":[{"count":100,"href":"https:\/\/facmed.buap.mx\/blog\/wp-json\/wp\/v2\/pages\/4239\/revisions"}],"predecessor-version":[{"id":5487,"href":"https:\/\/facmed.buap.mx\/blog\/wp-json\/wp\/v2\/pages\/4239\/revisions\/5487"}],"wp:attachment":[{"href":"https:\/\/facmed.buap.mx\/blog\/wp-json\/wp\/v2\/media?parent=4239"}],"curies":[{"name":"wp","href":"https:\/\/api.w.org\/{rel}","templated":true}]}}